{"id":1786,"date":"2026-05-12T09:44:48","date_gmt":"2026-05-12T07:44:48","guid":{"rendered":"https:\/\/www.lanuovaera.com\/il-nostro-team\/"},"modified":"2026-05-12T10:38:53","modified_gmt":"2026-05-12T08:38:53","slug":"il-nostro-team","status":"publish","type":"page","link":"https:\/\/www.lanuovaera.com\/it\/il-nostro-team\/","title":{"rendered":"Il nostro Team"},"content":{"rendered":"\t\t<div data-elementor-type=\"wp-page\" data-elementor-id=\"1786\" class=\"elementor elementor-1786 elementor-1751\" data-elementor-post-type=\"page\">\n\t\t\t\t<div class=\"elementor-element elementor-element-737d490 e-con-full e-flex e-con e-parent\" data-id=\"737d490\" data-element_type=\"container\" data-e-type=\"container\">\n\t\t<div class=\"elementor-element elementor-element-7cba082 e-con-full e-flex e-con e-child\" data-id=\"7cba082\" data-element_type=\"container\" data-e-type=\"container\">\n\t\t\t\t<div class=\"elementor-element elementor-element-87d0e8f elementor-widget elementor-widget-heading\" data-id=\"87d0e8f\" data-element_type=\"widget\" data-e-type=\"widget\" data-widget_type=\"heading.default\">\n\t\t\t\t<div class=\"elementor-widget-container\">\n\t\t\t\t\t<h1 class=\"elementor-heading-title elementor-size-default\">Il nostro Team<\/h1>\t\t\t\t<\/div>\n\t\t\t\t<\/div>\n\t\t\t\t<div class=\"elementor-element elementor-element-934ac90 elementor-widget-divider--view-line elementor-widget elementor-widget-divider\" data-id=\"934ac90\" data-element_type=\"widget\" data-e-type=\"widget\" data-widget_type=\"divider.default\">\n\t\t\t\t<div class=\"elementor-widget-container\">\n\t\t\t\t\t\t\t<div class=\"elementor-divider\">\n\t\t\t<span class=\"elementor-divider-separator\">\n\t\t\t\t\t\t<\/span>\n\t\t<\/div>\n\t\t\t\t\t\t<\/div>\n\t\t\t\t<\/div>\n\t\t\t\t<div class=\"elementor-element elementor-element-a6eca93 elementor-widget elementor-widget-text-editor\" data-id=\"a6eca93\" data-element_type=\"widget\" data-e-type=\"widget\" data-widget_type=\"text-editor.default\">\n\t\t\t\t<div class=\"elementor-widget-container\">\n\t\t\t\t\t\t\t\t\t<p><span style=\"font-weight: 400;\">Il nostro team \u00e8 composto da professionisti con esperienza nella progettazione e produzione di macchine da caff\u00e8 professionali. In La Nuova Era lavoriamo con attenzione alla qualit\u00e0, all\u2019affidabilit\u00e0 e alla continuit\u00e0 del prodotto, seguendo tutte le fasi del processo produttivo. La collaborazione tra i membri del team e l\u2019esperienza maturata nel tempo ci permettono di offrire soluzioni solide e coerenti con le esigenze del settore.<\/span><\/p>\n\t\t\t\t\t\t\t\t<\/div>\n\t\t\t\t<\/div>\n\t\t\t\t<\/div>\n\t\t<div class=\"elementor-element elementor-element-5971b07 e-con-full lne-image-collapse-sec elementor-hidden-tablet elementor-hidden-mobile e-flex e-con e-child\" data-id=\"5971b07\" data-element_type=\"container\" data-e-type=\"container\" data-settings=\"{&quot;background_background&quot;:&quot;classic&quot;}\">\n\t\t\t\t<div class=\"elementor-element elementor-element-adfbf9e lne-menu-bg-img elementor-widget elementor-widget-image\" data-id=\"adfbf9e\" data-element_type=\"widget\" data-e-type=\"widget\" data-widget_type=\"image.default\">\n\t\t\t\t<div class=\"elementor-widget-container\">\n\t\t\t\t\t\t\t\t\t\t\t\t\t\t\t<img fetchpriority=\"high\" decoding=\"async\" width=\"1440\" height=\"1920\" src=\"https:\/\/www.lanuovaera.com\/wp-content\/uploads\/2025\/09\/Anniversario-3-groups-3-1.webp\" class=\"attachment-full size-full wp-image-1238\" alt=\"Professional coffee solutions Anniversario 3 groups | La Nuova Era\" srcset=\"https:\/\/www.lanuovaera.com\/wp-content\/uploads\/2025\/09\/Anniversario-3-groups-3-1.webp 1440w, https:\/\/www.lanuovaera.com\/wp-content\/uploads\/2025\/09\/Anniversario-3-groups-3-1-225x300.webp 225w, https:\/\/www.lanuovaera.com\/wp-content\/uploads\/2025\/09\/Anniversario-3-groups-3-1-768x1024.webp 768w, https:\/\/www.lanuovaera.com\/wp-content\/uploads\/2025\/09\/Anniversario-3-groups-3-1-1152x1536.webp 1152w\" sizes=\"(max-width: 1440px) 100vw, 1440px\" \/>\t\t\t\t\t\t\t\t\t\t\t\t\t\t\t<\/div>\n\t\t\t\t<\/div>\n\t\t\t\t<\/div>\n\t\t\t\t<\/div>\n\t\t<div class=\"elementor-element elementor-element-7806409 e-grid e-con-full e-con e-parent\" data-id=\"7806409\" data-element_type=\"container\" data-e-type=\"container\">\n\t\t<div class=\"elementor-element elementor-element-c1d0797 e-con-full lne-team-img e-flex e-con e-child\" data-id=\"c1d0797\" data-element_type=\"container\" data-e-type=\"container\" data-settings=\"{&quot;background_background&quot;:&quot;classic&quot;}\">\n\t\t<div class=\"elementor-element elementor-element-0409f50 e-con-full e-flex e-con e-child\" data-id=\"0409f50\" data-element_type=\"container\" data-e-type=\"container\">\n\t\t\t\t<div class=\"elementor-element elementor-element-b467fa7 lne-team-img-text elementor-widget elementor-widget-heading\" data-id=\"b467fa7\" data-element_type=\"widget\" data-e-type=\"widget\" data-widget_type=\"heading.default\">\n\t\t\t\t<div class=\"elementor-widget-container\">\n\t\t\t\t\t<p class=\"elementor-heading-title elementor-size-default\">Fabio Argentini<\/p>\t\t\t\t<\/div>\n\t\t\t\t<\/div>\n\t\t\t\t<div class=\"elementor-element elementor-element-1b039b2 lne-team-img-text elementor-widget elementor-widget-heading\" data-id=\"1b039b2\" data-element_type=\"widget\" data-e-type=\"widget\" data-widget_type=\"heading.default\">\n\t\t\t\t<div class=\"elementor-widget-container\">\n\t\t\t\t\t<p class=\"elementor-heading-title elementor-size-default\">Fondatore e CEO<\/p>\t\t\t\t<\/div>\n\t\t\t\t<\/div>\n\t\t\t\t<div class=\"elementor-element elementor-element-6b37d18 lne-team-img-text elementor-widget elementor-widget-text-editor\" data-id=\"6b37d18\" data-element_type=\"widget\" data-e-type=\"widget\" data-widget_type=\"text-editor.default\">\n\t\t\t\t<div class=\"elementor-widget-container\">\n\t\t\t\t\t\t\t\t\t<p>Fabio Argentini \u00e8 il fondatore di La Nuova Era e guida l\u2019azienda sin dalla sua fondazione nel 1999. Con<br \/>decenni di esperienza nel settore delle macchine da caff\u00e8, dirige la visione dell\u2019azienda, unendo tradizione,<br \/>innovazione ed eccellenza del Made in Italy.<\/p>\n\t\t\t\t\t\t\t\t<\/div>\n\t\t\t\t<\/div>\n\t\t\t\t<\/div>\n\t\t\t\t<\/div>\n\t\t<div class=\"elementor-element elementor-element-7ef12c5 e-con-full lne-team-img e-flex e-con e-child\" data-id=\"7ef12c5\" data-element_type=\"container\" data-e-type=\"container\" data-settings=\"{&quot;background_background&quot;:&quot;classic&quot;}\">\n\t\t<div class=\"elementor-element elementor-element-b34caf0 e-con-full e-flex e-con e-child\" data-id=\"b34caf0\" data-element_type=\"container\" data-e-type=\"container\">\n\t\t\t\t<div class=\"elementor-element elementor-element-749ed38 lne-team-img-text elementor-widget elementor-widget-heading\" data-id=\"749ed38\" data-element_type=\"widget\" data-e-type=\"widget\" data-widget_type=\"heading.default\">\n\t\t\t\t<div class=\"elementor-widget-container\">\n\t\t\t\t\t<p class=\"elementor-heading-title elementor-size-default\">PAMELA ARGENTINI<\/p>\t\t\t\t<\/div>\n\t\t\t\t<\/div>\n\t\t\t\t<div class=\"elementor-element elementor-element-07206a7 lne-team-img-text elementor-widget elementor-widget-heading\" data-id=\"07206a7\" data-element_type=\"widget\" data-e-type=\"widget\" data-widget_type=\"heading.default\">\n\t\t\t\t<div class=\"elementor-widget-container\">\n\t\t\t\t\t<p class=\"elementor-heading-title elementor-size-default\">Amministrazione e Operazioni<\/p>\t\t\t\t<\/div>\n\t\t\t\t<\/div>\n\t\t\t\t<div class=\"elementor-element elementor-element-ef41812 lne-team-img-text elementor-widget elementor-widget-text-editor\" data-id=\"ef41812\" data-element_type=\"widget\" data-e-type=\"widget\" data-widget_type=\"text-editor.default\">\n\t\t\t\t<div class=\"elementor-widget-container\">\n\t\t\t\t\t\t\t\t\t<p>Pamela supervisiona le attivit\u00e0 amministrative e operative, garantendo un coordinamento fluido all\u2019interno<br \/>dell\u2019azienda. Il suo approccio strutturato supporta l\u2019efficienza e l\u2019eccellenza organizzativa.<\/p>\n\t\t\t\t\t\t\t\t<\/div>\n\t\t\t\t<\/div>\n\t\t\t\t<\/div>\n\t\t\t\t<\/div>\n\t\t<div class=\"elementor-element elementor-element-8e250bd e-con-full lne-team-img e-flex e-con e-child\" data-id=\"8e250bd\" data-element_type=\"container\" data-e-type=\"container\" data-settings=\"{&quot;background_background&quot;:&quot;classic&quot;}\">\n\t\t<div class=\"elementor-element elementor-element-289fc16 e-con-full e-flex e-con e-child\" data-id=\"289fc16\" data-element_type=\"container\" data-e-type=\"container\">\n\t\t\t\t<div class=\"elementor-element elementor-element-cf66526 lne-team-img-text elementor-widget elementor-widget-heading\" data-id=\"cf66526\" data-element_type=\"widget\" data-e-type=\"widget\" data-widget_type=\"heading.default\">\n\t\t\t\t<div class=\"elementor-widget-container\">\n\t\t\t\t\t<p class=\"elementor-heading-title elementor-size-default\">GIACOMO RIZZO<\/p>\t\t\t\t<\/div>\n\t\t\t\t<\/div>\n\t\t\t\t<div class=\"elementor-element elementor-element-514c006 lne-team-img-text elementor-widget elementor-widget-heading\" data-id=\"514c006\" data-element_type=\"widget\" data-e-type=\"widget\" data-widget_type=\"heading.default\">\n\t\t\t\t<div class=\"elementor-widget-container\">\n\t\t\t\t\t<p class=\"elementor-heading-title elementor-size-default\">Responsabile Vendite e Marketing<\/p>\t\t\t\t<\/div>\n\t\t\t\t<\/div>\n\t\t\t\t<div class=\"elementor-element elementor-element-4565327 lne-team-img-text elementor-widget elementor-widget-text-editor\" data-id=\"4565327\" data-element_type=\"widget\" data-e-type=\"widget\" data-widget_type=\"text-editor.default\">\n\t\t\t\t<div class=\"elementor-widget-container\">\n\t\t\t\t\t\t\t\t\t<p>Giacomo \u00e8 responsabile della gestione delle vendite internazionali e dello sviluppo delle relazioni con clienti<br \/>e partner in tutto il mondo. Lavora a stretto contatto con i distributori per offrire soluzioni su misura e<br \/>sostenere la presenza globale de La Nuova Era.<\/p>\n\t\t\t\t\t\t\t\t<\/div>\n\t\t\t\t<\/div>\n\t\t\t\t<\/div>\n\t\t\t\t<\/div>\n\t\t<div class=\"elementor-element elementor-element-60c6ae2 e-con-full lne-team-img e-flex e-con e-child\" data-id=\"60c6ae2\" data-element_type=\"container\" data-e-type=\"container\" data-settings=\"{&quot;background_background&quot;:&quot;classic&quot;}\">\n\t\t<div class=\"elementor-element elementor-element-6c07963 e-con-full e-flex e-con e-child\" data-id=\"6c07963\" data-element_type=\"container\" data-e-type=\"container\">\n\t\t\t\t<div class=\"elementor-element elementor-element-b712de5 lne-team-img-text elementor-widget elementor-widget-heading\" data-id=\"b712de5\" data-element_type=\"widget\" data-e-type=\"widget\" data-widget_type=\"heading.default\">\n\t\t\t\t<div class=\"elementor-widget-container\">\n\t\t\t\t\t<p class=\"elementor-heading-title elementor-size-default\">EMANUELE PETTEN\u00d2<\/p>\t\t\t\t<\/div>\n\t\t\t\t<\/div>\n\t\t\t\t<div class=\"elementor-element elementor-element-c5659ef lne-team-img-text elementor-widget elementor-widget-heading\" data-id=\"c5659ef\" data-element_type=\"widget\" data-e-type=\"widget\" data-widget_type=\"heading.default\">\n\t\t\t\t<div class=\"elementor-widget-container\">\n\t\t\t\t\t<p class=\"elementor-heading-title elementor-size-default\">Responsabile dello stabilimento e della produzione<\/p>\t\t\t\t<\/div>\n\t\t\t\t<\/div>\n\t\t\t\t<div class=\"elementor-element elementor-element-9e41b8d lne-team-img-text elementor-widget elementor-widget-text-editor\" data-id=\"9e41b8d\" data-element_type=\"widget\" data-e-type=\"widget\" data-widget_type=\"text-editor.default\">\n\t\t\t\t<div class=\"elementor-widget-container\">\n\t\t\t\t\t\t\t\t\t<p>Emanuele supervisiona l\u2019intero processo produttivo, garantendo efficienza, qualit\u00e0 e uniformit\u00e0 in tutte le<br \/>attivit\u00e0 di produzione. Coordina le operazioni all\u2019interno dello stabilimento e svolge un ruolo chiave nel<br \/>mantenimento degli elevati standard produttivi de La Nuova Era.<\/p>\n\t\t\t\t\t\t\t\t<\/div>\n\t\t\t\t<\/div>\n\t\t\t\t<\/div>\n\t\t\t\t<\/div>\n\t\t<div class=\"elementor-element elementor-element-35e5876 e-con-full lne-team-img e-flex e-con e-child\" data-id=\"35e5876\" data-element_type=\"container\" data-e-type=\"container\" data-settings=\"{&quot;background_background&quot;:&quot;classic&quot;}\">\n\t\t<div class=\"elementor-element elementor-element-c76cfe1 e-con-full e-flex e-con e-child\" data-id=\"c76cfe1\" data-element_type=\"container\" data-e-type=\"container\">\n\t\t\t\t<div class=\"elementor-element elementor-element-6c382fc lne-team-img-text elementor-widget elementor-widget-heading\" data-id=\"6c382fc\" data-element_type=\"widget\" data-e-type=\"widget\" data-widget_type=\"heading.default\">\n\t\t\t\t<div class=\"elementor-widget-container\">\n\t\t\t\t\t<p class=\"elementor-heading-title elementor-size-default\">GIORGIA RAIMONDI<\/p>\t\t\t\t<\/div>\n\t\t\t\t<\/div>\n\t\t\t\t<div class=\"elementor-element elementor-element-d26ee56 lne-team-img-text elementor-widget elementor-widget-heading\" data-id=\"d26ee56\" data-element_type=\"widget\" data-e-type=\"widget\" data-widget_type=\"heading.default\">\n\t\t\t\t<div class=\"elementor-widget-container\">\n\t\t\t\t\t<p class=\"elementor-heading-title elementor-size-default\">Specialista Vendite e Account<\/p>\t\t\t\t<\/div>\n\t\t\t\t<\/div>\n\t\t\t\t<div class=\"elementor-element elementor-element-78a5202 lne-team-img-text elementor-widget elementor-widget-text-editor\" data-id=\"78a5202\" data-element_type=\"widget\" data-e-type=\"widget\" data-widget_type=\"text-editor.default\">\n\t\t\t\t<div class=\"elementor-widget-container\">\n\t\t\t\t\t\t\t\t\t<p>Giorgia supporta le attivit\u00e0 di vendita e gestisce i conti clienti, garantendo una comunicazione fluida e solide<br \/>relazioni con i clienti. Svolge un ruolo chiave nel coordinamento degli ordini e contribuisce all\u2019intero<br \/>processo commerciale.<\/p>\n\t\t\t\t\t\t\t\t<\/div>\n\t\t\t\t<\/div>\n\t\t\t\t<\/div>\n\t\t\t\t<\/div>\n\t\t<div class=\"elementor-element elementor-element-e390fce e-con-full lne-team-img e-flex e-con e-child\" data-id=\"e390fce\" data-element_type=\"container\" data-e-type=\"container\" data-settings=\"{&quot;background_background&quot;:&quot;classic&quot;}\">\n\t\t<div class=\"elementor-element elementor-element-a952cd8 e-con-full e-flex e-con e-child\" data-id=\"a952cd8\" data-element_type=\"container\" data-e-type=\"container\">\n\t\t\t\t<div class=\"elementor-element elementor-element-4646ef0 lne-team-img-text elementor-widget elementor-widget-heading\" data-id=\"4646ef0\" data-element_type=\"widget\" data-e-type=\"widget\" data-widget_type=\"heading.default\">\n\t\t\t\t<div class=\"elementor-widget-container\">\n\t\t\t\t\t<p class=\"elementor-heading-title elementor-size-default\">AZIZ BENTALEB<\/p>\t\t\t\t<\/div>\n\t\t\t\t<\/div>\n\t\t\t\t<div class=\"elementor-element elementor-element-4b4683d lne-team-img-text elementor-widget elementor-widget-heading\" data-id=\"4b4683d\" data-element_type=\"widget\" data-e-type=\"widget\" data-widget_type=\"heading.default\">\n\t\t\t\t<div class=\"elementor-widget-container\">\n\t\t\t\t\t<p class=\"elementor-heading-title elementor-size-default\">Operatore Magazzino e Logistica<\/p>\t\t\t\t<\/div>\n\t\t\t\t<\/div>\n\t\t\t\t<div class=\"elementor-element elementor-element-5966172 lne-team-img-text elementor-widget elementor-widget-text-editor\" data-id=\"5966172\" data-element_type=\"widget\" data-e-type=\"widget\" data-widget_type=\"text-editor.default\">\n\t\t\t\t<div class=\"elementor-widget-container\">\n\t\t\t\t\t\t\t\t\t<p>Aziz supervisiona la pulizia finale e il confezionamento delle macchine, assicurandosi che siano pronte per la<br \/>spedizione. Gestisce le operazioni di magazzino, inclusa la movimentazione delle merci, l\u2019organizzazione<br \/>delle scorte e il coordinamento della logistica, a supporto di processi efficienti di produzione e distribuzione.<\/p>\n\t\t\t\t\t\t\t\t<\/div>\n\t\t\t\t<\/div>\n\t\t\t\t<\/div>\n\t\t\t\t<\/div>\n\t\t<div class=\"elementor-element elementor-element-6baae84 e-con-full lne-team-img e-flex e-con e-child\" data-id=\"6baae84\" data-element_type=\"container\" data-e-type=\"container\" data-settings=\"{&quot;background_background&quot;:&quot;classic&quot;}\">\n\t\t<div class=\"elementor-element elementor-element-5aa06f8 e-con-full e-flex e-con e-child\" data-id=\"5aa06f8\" data-element_type=\"container\" data-e-type=\"container\">\n\t\t\t\t<div class=\"elementor-element elementor-element-37b3b87 lne-team-img-text elementor-widget elementor-widget-heading\" data-id=\"37b3b87\" data-element_type=\"widget\" data-e-type=\"widget\" data-widget_type=\"heading.default\">\n\t\t\t\t<div class=\"elementor-widget-container\">\n\t\t\t\t\t<p class=\"elementor-heading-title elementor-size-default\">LUCA PERTILE<\/p>\t\t\t\t<\/div>\n\t\t\t\t<\/div>\n\t\t\t\t<div class=\"elementor-element elementor-element-a0ecc59 lne-team-img-text elementor-widget elementor-widget-heading\" data-id=\"a0ecc59\" data-element_type=\"widget\" data-e-type=\"widget\" data-widget_type=\"heading.default\">\n\t\t\t\t<div class=\"elementor-widget-container\">\n\t\t\t\t\t<p class=\"elementor-heading-title elementor-size-default\">Progettista Tecnico<\/p>\t\t\t\t<\/div>\n\t\t\t\t<\/div>\n\t\t\t\t<div class=\"elementor-element elementor-element-3e5ddbd lne-team-img-text elementor-widget elementor-widget-text-editor\" data-id=\"3e5ddbd\" data-element_type=\"widget\" data-e-type=\"widget\" data-widget_type=\"text-editor.default\">\n\t\t\t\t<div class=\"elementor-widget-container\">\n\t\t\t\t\t\t\t\t\t<p>Luca \u00e8 responsabile della progettazione e dello sviluppo delle macchine da caff\u00e8, utilizzando SolidWorks per<br \/>creare e perfezionare soluzioni tecniche. Contribuisce alla prototipazione e al miglioramento dei prodotti,<br \/>supportando la continua innovazione delle macchine de La Nuova Era.<\/p>\n\t\t\t\t\t\t\t\t<\/div>\n\t\t\t\t<\/div>\n\t\t\t\t<\/div>\n\t\t\t\t<\/div>\n\t\t<div class=\"elementor-element elementor-element-51d975f e-con-full lne-team-img e-flex e-con e-child\" data-id=\"51d975f\" data-element_type=\"container\" data-e-type=\"container\" data-settings=\"{&quot;background_background&quot;:&quot;classic&quot;}\">\n\t\t<div class=\"elementor-element elementor-element-ecb2b8d e-con-full e-flex e-con e-child\" data-id=\"ecb2b8d\" data-element_type=\"container\" data-e-type=\"container\">\n\t\t\t\t<div class=\"elementor-element elementor-element-471a8a9 lne-team-img-text elementor-widget elementor-widget-heading\" data-id=\"471a8a9\" data-element_type=\"widget\" data-e-type=\"widget\" data-widget_type=\"heading.default\">\n\t\t\t\t<div class=\"elementor-widget-container\">\n\t\t\t\t\t<p class=\"elementor-heading-title elementor-size-default\">RUDY BORDIN<\/p>\t\t\t\t<\/div>\n\t\t\t\t<\/div>\n\t\t\t\t<div class=\"elementor-element elementor-element-ce8e511 lne-team-img-text elementor-widget elementor-widget-heading\" data-id=\"ce8e511\" data-element_type=\"widget\" data-e-type=\"widget\" data-widget_type=\"heading.default\">\n\t\t\t\t<div class=\"elementor-widget-container\">\n\t\t\t\t\t<p class=\"elementor-heading-title elementor-size-default\">Tecnico di Assemblaggio Elettrico e Collaudo<\/p>\t\t\t\t<\/div>\n\t\t\t\t<\/div>\n\t\t\t\t<div class=\"elementor-element elementor-element-ba88685 lne-team-img-text elementor-widget elementor-widget-text-editor\" data-id=\"ba88685\" data-element_type=\"widget\" data-e-type=\"widget\" data-widget_type=\"text-editor.default\">\n\t\t\t\t<div class=\"elementor-widget-container\">\n\t\t\t\t\t\t\t\t\t<p>Rudy supervisiona l\u2019installazione e l\u2019integrazione del sistema elettrico delle macchine, gestendo con<br \/>precisione cablaggi, collegamenti e componenti. Esegue i test finali e le verifiche per garantire piena<br \/>funzionalit\u00e0, conformit\u00e0 alle norme di sicurezza e standard elevati e costanti di prestazione.<\/p>\n\t\t\t\t\t\t\t\t<\/div>\n\t\t\t\t<\/div>\n\t\t\t\t<\/div>\n\t\t\t\t<\/div>\n\t\t<div class=\"elementor-element elementor-element-6c75799 e-con-full lne-team-img e-flex e-con e-child\" data-id=\"6c75799\" data-element_type=\"container\" data-e-type=\"container\" data-settings=\"{&quot;background_background&quot;:&quot;classic&quot;}\">\n\t\t<div class=\"elementor-element elementor-element-ef449d9 e-con-full e-flex e-con e-child\" data-id=\"ef449d9\" data-element_type=\"container\" data-e-type=\"container\">\n\t\t\t\t<div class=\"elementor-element elementor-element-0acadaf lne-team-img-text elementor-widget elementor-widget-heading\" data-id=\"0acadaf\" data-element_type=\"widget\" data-e-type=\"widget\" data-widget_type=\"heading.default\">\n\t\t\t\t<div class=\"elementor-widget-container\">\n\t\t\t\t\t<p class=\"elementor-heading-title elementor-size-default\">STEFANO REBESCO<\/p>\t\t\t\t<\/div>\n\t\t\t\t<\/div>\n\t\t\t\t<div class=\"elementor-element elementor-element-a6784ed lne-team-img-text elementor-widget elementor-widget-heading\" data-id=\"a6784ed\" data-element_type=\"widget\" data-e-type=\"widget\" data-widget_type=\"heading.default\">\n\t\t\t\t<div class=\"elementor-widget-container\">\n\t\t\t\t\t<p class=\"elementor-heading-title elementor-size-default\">Tecnico di Assemblaggio Meccanico<\/p>\t\t\t\t<\/div>\n\t\t\t\t<\/div>\n\t\t\t\t<div class=\"elementor-element elementor-element-6268b78 lne-team-img-text elementor-widget elementor-widget-text-editor\" data-id=\"6268b78\" data-element_type=\"widget\" data-e-type=\"widget\" data-widget_type=\"text-editor.default\">\n\t\t\t\t<div class=\"elementor-widget-container\">\n\t\t\t\t\t\t\t\t\t<p>Stefano supervisiona l\u2019assemblaggio dei componenti strutturali e meccanici della macchina, garantendo il rispetto delle specifiche tecniche e degli standard qualitativi per assicurare durata, affidabilit\u00e0 e prestazioni elevate.<\/p>\n\t\t\t\t\t\t\t\t<\/div>\n\t\t\t\t<\/div>\n\t\t\t\t<\/div>\n\t\t\t\t<\/div>\n\t\t<div class=\"elementor-element elementor-element-1dc5365 e-con-full lne-team-img e-flex e-con e-child\" data-id=\"1dc5365\" data-element_type=\"container\" data-e-type=\"container\" data-settings=\"{&quot;background_background&quot;:&quot;classic&quot;}\">\n\t\t<div class=\"elementor-element elementor-element-7df8bbd e-con-full e-flex e-con e-child\" data-id=\"7df8bbd\" data-element_type=\"container\" data-e-type=\"container\">\n\t\t\t\t<div class=\"elementor-element elementor-element-22f1707 lne-team-img-text elementor-widget elementor-widget-heading\" data-id=\"22f1707\" data-element_type=\"widget\" data-e-type=\"widget\" data-widget_type=\"heading.default\">\n\t\t\t\t<div class=\"elementor-widget-container\">\n\t\t\t\t\t<p class=\"elementor-heading-title elementor-size-default\">DANIELE GARATTO<\/p>\t\t\t\t<\/div>\n\t\t\t\t<\/div>\n\t\t\t\t<div class=\"elementor-element elementor-element-5d3bed7 lne-team-img-text elementor-widget elementor-widget-heading\" data-id=\"5d3bed7\" data-element_type=\"widget\" data-e-type=\"widget\" data-widget_type=\"heading.default\">\n\t\t\t\t<div class=\"elementor-widget-container\">\n\t\t\t\t\t<p class=\"elementor-heading-title elementor-size-default\">Tecnico di Assemblaggio Idraulico<\/p>\t\t\t\t<\/div>\n\t\t\t\t<\/div>\n\t\t\t\t<div class=\"elementor-element elementor-element-fb2f967 lne-team-img-text elementor-widget elementor-widget-text-editor\" data-id=\"fb2f967\" data-element_type=\"widget\" data-e-type=\"widget\" data-widget_type=\"text-editor.default\">\n\t\t\t\t<div class=\"elementor-widget-container\">\n\t\t\t\t\t\t\t\t\t<p>Daniele si occupa dell\u2019assemblaggio e dell\u2019integrazione del sistema idraulico della macchina, assicurando un flusso d\u2019acqua affidabile, stabilit\u00e0 della pressione e alte prestazioni grazie a un lavoro preciso e costante.<\/p>\n\t\t\t\t\t\t\t\t<\/div>\n\t\t\t\t<\/div>\n\t\t\t\t<\/div>\n\t\t\t\t<\/div>\n\t\t<div class=\"elementor-element elementor-element-c5a71e4 e-con-full lne-team-img e-flex e-con e-child\" data-id=\"c5a71e4\" data-element_type=\"container\" data-e-type=\"container\" data-settings=\"{&quot;background_background&quot;:&quot;classic&quot;}\">\n\t\t<div class=\"elementor-element elementor-element-b369922 e-con-full e-flex e-con e-child\" data-id=\"b369922\" data-element_type=\"container\" data-e-type=\"container\">\n\t\t\t\t<div class=\"elementor-element elementor-element-b40e1c3 lne-team-img-text elementor-widget elementor-widget-heading\" data-id=\"b40e1c3\" data-element_type=\"widget\" data-e-type=\"widget\" data-widget_type=\"heading.default\">\n\t\t\t\t<div class=\"elementor-widget-container\">\n\t\t\t\t\t<p class=\"elementor-heading-title elementor-size-default\">BAHAREH FAYYAZ<\/p>\t\t\t\t<\/div>\n\t\t\t\t<\/div>\n\t\t\t\t<div class=\"elementor-element elementor-element-90ae37a lne-team-img-text elementor-widget elementor-widget-heading\" data-id=\"90ae37a\" data-element_type=\"widget\" data-e-type=\"widget\" data-widget_type=\"heading.default\">\n\t\t\t\t<div class=\"elementor-widget-container\">\n\t\t\t\t\t<p class=\"elementor-heading-title elementor-size-default\">Back Office e Assistente Marketing | Social Media Manager<\/p>\t\t\t\t<\/div>\n\t\t\t\t<\/div>\n\t\t\t\t<div class=\"elementor-element elementor-element-bcad1bb lne-team-img-text elementor-widget elementor-widget-text-editor\" data-id=\"bcad1bb\" data-element_type=\"widget\" data-e-type=\"widget\" data-widget_type=\"text-editor.default\">\n\t\t\t\t<div class=\"elementor-widget-container\">\n\t\t\t\t\t\t\t\t\t<p>Bahareh supporta le attivit\u00e0 di back office e marketing, contribuendo alla comunicazione, alla creazione di contenuti, alle newsletter e alla corrispondenza con i clienti, garantendo coerenza e un tono di brand curato.<\/p>\n\t\t\t\t\t\t\t\t<\/div>\n\t\t\t\t<\/div>\n\t\t\t\t<\/div>\n\t\t\t\t<\/div>\n\t\t\t\t<\/div>\n\t\t\t\t<\/div>\n\t\t","protected":false},"excerpt":{"rendered":"<p>Il nostro Team Il nostro team \u00e8 composto da professionisti con esperienza nella progettazione e produzione di macchine da caff\u00e8 professionali. In La Nuova Era lavoriamo con attenzione alla qualit\u00e0, all\u2019affidabilit\u00e0 e alla continuit\u00e0 del prodotto, seguendo tutte le fasi del processo produttivo. La collaborazione tra i membri del team e l\u2019esperienza maturata nel tempo [&hellip;]<\/p>\n","protected":false},"author":1,"featured_media":0,"parent":0,"menu_order":0,"comment_status":"closed","ping_status":"closed","template":"elementor_header_footer","meta":{"_acf_changed":false,"footnotes":""},"class_list":["post-1786","page","type-page","status-publish","hentry"],"acf":[],"_links":{"self":[{"href":"https:\/\/www.lanuovaera.com\/it\/wp-json\/wp\/v2\/pages\/1786","targetHints":{"allow":["GET"]}}],"collection":[{"href":"https:\/\/www.lanuovaera.com\/it\/wp-json\/wp\/v2\/pages"}],"about":[{"href":"https:\/\/www.lanuovaera.com\/it\/wp-json\/wp\/v2\/types\/page"}],"author":[{"embeddable":true,"href":"https:\/\/www.lanuovaera.com\/it\/wp-json\/wp\/v2\/users\/1"}],"replies":[{"embeddable":true,"href":"https:\/\/www.lanuovaera.com\/it\/wp-json\/wp\/v2\/comments?post=1786"}],"version-history":[{"count":1,"href":"https:\/\/www.lanuovaera.com\/it\/wp-json\/wp\/v2\/pages\/1786\/revisions"}],"predecessor-version":[{"id":1787,"href":"https:\/\/www.lanuovaera.com\/it\/wp-json\/wp\/v2\/pages\/1786\/revisions\/1787"}],"wp:attachment":[{"href":"https:\/\/www.lanuovaera.com\/it\/wp-json\/wp\/v2\/media?parent=1786"}],"curies":[{"name":"wp","href":"https:\/\/api.w.org\/{rel}","templated":true}]}}