{"id":1354,"date":"2025-09-08T11:14:58","date_gmt":"2025-09-08T09:14:58","guid":{"rendered":"https:\/\/www.lanuovaera.com\/servizi\/"},"modified":"2025-12-03T12:28:41","modified_gmt":"2025-12-03T11:28:41","slug":"servizi","status":"publish","type":"page","link":"https:\/\/www.lanuovaera.com\/it\/servizi\/","title":{"rendered":"Servizi"},"content":{"rendered":"\t\t<div data-elementor-type=\"wp-page\" data-elementor-id=\"1354\" class=\"elementor elementor-1354 elementor-227\" data-elementor-post-type=\"page\">\n\t\t\t\t<div class=\"elementor-element elementor-element-923c72a e-con-full e-flex e-con e-parent\" data-id=\"923c72a\" data-element_type=\"container\" data-e-type=\"container\">\n\t\t<div class=\"elementor-element elementor-element-2727bef e-con-full e-flex e-con e-child\" data-id=\"2727bef\" data-element_type=\"container\" data-e-type=\"container\">\n\t\t\t\t<div class=\"elementor-element elementor-element-6af90db elementor-widget elementor-widget-heading\" data-id=\"6af90db\" data-element_type=\"widget\" data-e-type=\"widget\" data-widget_type=\"heading.default\">\n\t\t\t\t<div class=\"elementor-widget-container\">\n\t\t\t\t\t<h1 class=\"elementor-heading-title elementor-size-default\">Servizi per macchine da caff\u00e8 professionali: manutenzione tecnica e assistenza per ogni macchina e distributore<\/h1>\t\t\t\t<\/div>\n\t\t\t\t<\/div>\n\t\t\t\t<div class=\"elementor-element elementor-element-e997b94 elementor-widget-divider--view-line elementor-widget elementor-widget-divider\" data-id=\"e997b94\" data-element_type=\"widget\" data-e-type=\"widget\" data-widget_type=\"divider.default\">\n\t\t\t\t<div class=\"elementor-widget-container\">\n\t\t\t\t\t\t\t<div class=\"elementor-divider\">\n\t\t\t<span class=\"elementor-divider-separator\">\n\t\t\t\t\t\t<\/span>\n\t\t<\/div>\n\t\t\t\t\t\t<\/div>\n\t\t\t\t<\/div>\n\t\t\t\t<div class=\"elementor-element elementor-element-29b56b5 elementor-widget elementor-widget-text-editor\" data-id=\"29b56b5\" data-element_type=\"widget\" data-e-type=\"widget\" data-widget_type=\"text-editor.default\">\n\t\t\t\t<div class=\"elementor-widget-container\">\n\t\t\t\t\t\t\t\t\t<p><span style=\"font-weight: 400;\">Noi non costruiamo semplicemente <\/span><b>macchine da caff\u00e8 professionali<\/b><span style=\"font-weight: 400;\">. Noi costruiamo <\/span><b>relazioni durature<\/b><span style=\"font-weight: 400;\">. Il nostro obiettivo \u00e8 affiancare i nostri clienti nel tempo, garantendo la continuit\u00e0 del loro business e la lunga vita del loro investimento.<\/span><\/p>\n<p><b>Affidabilit\u00e0<\/b><span style=\"font-weight: 400;\">, <\/span><b>competenza<\/b> <b>tecnica<\/b><span style=\"font-weight: 400;\"> e <\/span><b>passione<\/b><span style=\"font-weight: 400;\"> per il caff\u00e8 professionale guidano tutto ci\u00f2 che facciamo. Ecco perch\u00e9 i nostri <\/span><b>servizi per macchine da caff\u00e8 professionali<\/b><span style=\"font-weight: 400;\"> non si fermano alla <\/span><b>vendita<\/b><span style=\"font-weight: 400;\"> dell&#8217;<\/span><b>attrezzatura<\/b><span style=\"font-weight: 400;\">. Dalla fornitura di ricambi alla formazione <\/span><b>tecnica<\/b><span style=\"font-weight: 400;\">, fino allo sviluppo di <\/span><b>modelli<\/b><span style=\"font-weight: 400;\"> su misura, forniamo un supporto completo e continuo. Perch\u00e9 per noi la performance non finisce con l&#8217;acquisto. La nostra <\/span><b>assistenza<\/b><span style=\"font-weight: 400;\"> \u00e8 una promessa di valore che copre l&#8217;intero ciclo di vita di ogni nostra <\/span><b>macchina<\/b><span style=\"font-weight: 400;\">.<\/span><\/p>\n\t\t\t\t\t\t\t\t<\/div>\n\t\t\t\t<\/div>\n\t\t\t\t<\/div>\n\t\t<div class=\"elementor-element elementor-element-da91ac3 e-con-full lne-image-collapse-sec elementor-hidden-tablet elementor-hidden-mobile e-flex e-con e-child\" data-id=\"da91ac3\" data-element_type=\"container\" data-e-type=\"container\" data-settings=\"{&quot;background_background&quot;:&quot;classic&quot;}\">\n\t\t\t\t<div class=\"elementor-element elementor-element-d962fa5 lne-menu-bg-img elementor-widget elementor-widget-image\" data-id=\"d962fa5\" data-element_type=\"widget\" data-e-type=\"widget\" data-widget_type=\"image.default\">\n\t\t\t\t<div class=\"elementor-widget-container\">\n\t\t\t\t\t\t\t\t\t\t\t\t\t\t\t<img fetchpriority=\"high\" decoding=\"async\" width=\"1440\" height=\"1920\" src=\"https:\/\/www.lanuovaera.com\/wp-content\/uploads\/2025\/09\/Anniversario-3-groups-3-1.webp\" class=\"attachment-full size-full wp-image-1238\" alt=\"Professional coffee solutions Anniversario 3 groups | La Nuova Era\" srcset=\"https:\/\/www.lanuovaera.com\/wp-content\/uploads\/2025\/09\/Anniversario-3-groups-3-1.webp 1440w, https:\/\/www.lanuovaera.com\/wp-content\/uploads\/2025\/09\/Anniversario-3-groups-3-1-225x300.webp 225w, https:\/\/www.lanuovaera.com\/wp-content\/uploads\/2025\/09\/Anniversario-3-groups-3-1-768x1024.webp 768w, https:\/\/www.lanuovaera.com\/wp-content\/uploads\/2025\/09\/Anniversario-3-groups-3-1-1152x1536.webp 1152w\" sizes=\"(max-width: 1440px) 100vw, 1440px\" \/>\t\t\t\t\t\t\t\t\t\t\t\t\t\t\t<\/div>\n\t\t\t\t<\/div>\n\t\t\t\t<\/div>\n\t\t\t\t<\/div>\n\t\t<div class=\"elementor-element elementor-element-4c5758e e-con-full lne-pattern-sec e-flex e-con e-parent\" data-id=\"4c5758e\" data-element_type=\"container\" data-e-type=\"container\" data-settings=\"{&quot;background_background&quot;:&quot;classic&quot;}\">\n\t\t<div class=\"elementor-element elementor-element-84d21c5 e-con-full e-flex e-con e-child\" data-id=\"84d21c5\" data-element_type=\"container\" data-e-type=\"container\">\n\t\t\t\t<div class=\"elementor-element elementor-element-2016b9d elementor-widget elementor-widget-heading\" data-id=\"2016b9d\" data-element_type=\"widget\" data-e-type=\"widget\" data-widget_type=\"heading.default\">\n\t\t\t\t<div class=\"elementor-widget-container\">\n\t\t\t\t\t<h2 class=\"elementor-heading-title elementor-size-default\">Sviluppo su misura (OEM \/ Private Label): i nostri servizi esclusivi<\/h2>\t\t\t\t<\/div>\n\t\t\t\t<\/div>\n\t\t\t\t<div class=\"elementor-element elementor-element-a06d280 elementor-widget elementor-widget-text-editor\" data-id=\"a06d280\" data-element_type=\"widget\" data-e-type=\"widget\" data-widget_type=\"text-editor.default\">\n\t\t\t\t<div class=\"elementor-widget-container\">\n\t\t\t\t\t\t\t\t\t<p><span style=\"font-weight: 400;\">Questo \u00e8 il servizio che pi\u00f9 ci definisce come <\/span><b>partner<\/b><span style=\"font-weight: 400;\"> strategico. Oltre all&#8217;<\/span><b>assistenza macchine<\/b><span style=\"font-weight: 400;\"> standard, il nostro vero valore aggiunto risiede nella capacit\u00e0 di sviluppo su misura (OEM \/ <\/span><i><span style=\"font-weight: 400;\">Private Label<\/span><\/i><span style=\"font-weight: 400;\">), ossia il vertice dei nostri <\/span><b>servizi per macchine da caff\u00e8 professionali<\/b><span style=\"font-weight: 400;\">.<\/span><\/p>\n<p><span style=\"font-weight: 400;\">Progettiamo e realizziamo soluzioni personalizzate per <\/span><b>clienti<\/b><span style=\"font-weight: 400;\"> professionali e distributori. La nostra flessibilit\u00e0 ci permette di intervenire a diversi livelli: dalla personalizzazione di colore e finiture, all&#8217;applicazione di loghi, fino allo sviluppo completo di un intero modello di <\/span><b>macchina da caff\u00e8<\/b><span style=\"font-weight: 400;\"> su richiesta. Ogni progetto riflette la nostra flessibilit\u00e0, la nostra cura artigianale e la nostra competenza <\/span><b>tecnica<\/b><span style=\"font-weight: 400;\"> italiana.<\/span><\/p>\n<p><span style=\"font-weight: 400;\">Possiamo creare una <\/span><b>macchina<\/b><span style=\"font-weight: 400;\"> unica che rispecchi l&#8217;identit\u00e0 del tuo brand.<\/span><\/p>\n\t\t\t\t\t\t\t\t<\/div>\n\t\t\t\t<\/div>\n\t\t\t\t<\/div>\n\t\t\t\t<\/div>\n\t\t<div class=\"elementor-element elementor-element-bb9a687 e-con-full e-flex e-con e-parent\" data-id=\"bb9a687\" data-element_type=\"container\" data-e-type=\"container\">\n\t\t<div class=\"elementor-element elementor-element-e9f9d6e e-con-full e-flex e-con e-child\" data-id=\"e9f9d6e\" data-element_type=\"container\" data-e-type=\"container\" data-settings=\"{&quot;background_background&quot;:&quot;classic&quot;}\">\n\t\t\t\t<\/div>\n\t\t<div class=\"elementor-element elementor-element-7b5c785 e-con-full e-flex e-con e-child\" data-id=\"7b5c785\" data-element_type=\"container\" data-e-type=\"container\">\n\t\t<div class=\"elementor-element elementor-element-4433cba e-con-full e-flex e-con e-child\" data-id=\"4433cba\" data-element_type=\"container\" data-e-type=\"container\">\n\t\t\t\t<div class=\"elementor-element elementor-element-562700d elementor-widget elementor-widget-heading\" data-id=\"562700d\" data-element_type=\"widget\" data-e-type=\"widget\" data-widget_type=\"heading.default\">\n\t\t\t\t<div class=\"elementor-widget-container\">\n\t\t\t\t\t<h2 class=\"elementor-heading-title elementor-size-default\">Formazione e assistenza tecnica: condividiamo il nostro Know-How<\/h2>\t\t\t\t<\/div>\n\t\t\t\t<\/div>\n\t\t\t\t<div class=\"elementor-element elementor-element-4b213ab elementor-widget elementor-widget-text-editor\" data-id=\"4b213ab\" data-element_type=\"widget\" data-e-type=\"widget\" data-widget_type=\"text-editor.default\">\n\t\t\t\t<div class=\"elementor-widget-container\">\n\t\t\t\t\t\t\t\t\t<p><span style=\"font-weight: 400;\">Offrire <\/span><b>servizi<\/b><span style=\"font-weight: 400;\"> per noi significa anche condividere il nostro <\/span><i><span style=\"font-weight: 400;\">know-how<\/span><\/i><span style=\"font-weight: 400;\">. Una <\/span><b>macchina<\/b><span style=\"font-weight: 400;\"> tecnologicamente avanzata richiede un utilizzo consapevole. Per questo offriamo corsi di <\/span><b>formazione<\/b> <b>tecnica<\/b><span style=\"font-weight: 400;\"> specifici, pensati sia per i tecnici del nostro <\/span><b>distributore<\/b><span style=\"font-weight: 400;\"> sia per i baristi.<\/span><\/p>\n<p><span style=\"font-weight: 400;\">Questa <\/span><b>assistenza tecnica<\/b><span style=\"font-weight: 400;\"> \u00e8 fondamentale: insegniamo il corretto utilizzo, la <\/span><b>pulizia<\/b><span style=\"font-weight: 400;\"> quotidiana e la <\/span><b>manutenzione<\/b><span style=\"font-weight: 400;\"> di base per <\/span><b>garantire<\/b><span style=\"font-weight: 400;\"> una qualit\u00e0 costante in tazza e un <\/span><b>funzionamento<\/b><span style=\"font-weight: 400;\"> affidabile nel tempo. Un <\/span><b>tecnico specializzato<\/b><span style=\"font-weight: 400;\"> o un barista formato \u00e8 la prima linea di <\/span><b>assistenza<\/b><span style=\"font-weight: 400;\"> per una <\/span><b>macchina da caff\u00e8<\/b><span style=\"font-weight: 400;\">. E poich\u00e9 l&#8217;apprendimento non si ferma mai, condividiamo video tutorial e consigli sul nostro canale YouTube, in modo che l&#8217;<\/span><b>assistenza<\/b><span style=\"font-weight: 400;\"> e la conoscenza siano sempre a portata di clic.<\/span><\/p>\n\t\t\t\t\t\t\t\t<\/div>\n\t\t\t\t<\/div>\n\t\t\t\t<\/div>\n\t\t\t\t<\/div>\n\t\t\t\t<\/div>\n\t\t<div class=\"elementor-element elementor-element-ce75388 e-con-full e-flex e-con e-parent\" data-id=\"ce75388\" data-element_type=\"container\" data-e-type=\"container\" data-settings=\"{&quot;background_background&quot;:&quot;classic&quot;}\">\n\t\t<div class=\"elementor-element elementor-element-59e978a e-con-full e-flex e-con e-child\" data-id=\"59e978a\" data-element_type=\"container\" data-e-type=\"container\">\n\t\t\t\t<div class=\"elementor-element elementor-element-032f5b2 elementor-widget elementor-widget-heading\" data-id=\"032f5b2\" data-element_type=\"widget\" data-e-type=\"widget\" data-widget_type=\"heading.default\">\n\t\t\t\t<div class=\"elementor-widget-container\">\n\t\t\t\t\t<h2 class=\"elementor-heading-title elementor-size-default\">Servizi per macchine da caff\u00e8 professionali: assistenza e manutenzione con ricambi originali<\/h2>\t\t\t\t<\/div>\n\t\t\t\t<\/div>\n\t\t\t\t<div class=\"elementor-element elementor-element-09c370a elementor-widget elementor-widget-text-editor\" data-id=\"09c370a\" data-element_type=\"widget\" data-e-type=\"widget\" data-widget_type=\"text-editor.default\">\n\t\t\t\t<div class=\"elementor-widget-container\">\n\t\t\t\t\t\t\t\t\t<p><span style=\"font-weight: 400;\">Una <\/span><b>macchina da caff\u00e8 professionale<\/b><span style=\"font-weight: 400;\"> \u00e8 un motore che deve funzionare senza sosta. Il nostro <\/span><b>servizio di assistenza<\/b><span style=\"font-weight: 400;\"> parte dalla garanzia di componenti originali: garantiamo la fornitura tempestiva di tutti i ricambi, un <\/span><b>servizio di assistenza e ricambi<\/b><span style=\"font-weight: 400;\"> fondamentale per <\/span><b>mantenere<\/b><span style=\"font-weight: 400;\"> ogni <\/span><b>macchina<\/b><span style=\"font-weight: 400;\"> al massimo delle sue prestazioni.<\/span><\/p>\n<p><span style=\"font-weight: 400;\">Per semplificare la <\/span><b>manutenzione<\/b><span style=\"font-weight: 400;\"> e minimizzare i tempi di fermo in caso di <\/span><b>guasto<\/b><span style=\"font-weight: 400;\">, abbiamo sviluppato kit di ricambio specifici per ogni <\/span><b>macchina<\/b><span style=\"font-weight: 400;\">. Questi kit, come ad esempio quelli composti da guarnizioni e doccette per l&#8217;<\/span><b>erogatore<\/b><span style=\"font-weight: 400;\">, sono un <\/span><b>accessorio<\/b><span style=\"font-weight: 400;\"> strategico che permette una <\/span><b>manutenzione ordinaria<\/b> <b>efficiente<\/b><span style=\"font-weight: 400;\"> e rapida. Questa forma di <\/span><b>assistenza macchine<\/b><span style=\"font-weight: 400;\"> previene problemi futuri e assicura un <\/span><b>buon caff\u00e8<\/b><span style=\"font-weight: 400;\"> costante.<\/span><\/p>\n\t\t\t\t\t\t\t\t<\/div>\n\t\t\t\t<\/div>\n\t\t\t\t<\/div>\n\t\t\t\t<\/div>\n\t\t<div class=\"elementor-element elementor-element-01c16cd e-con-full e-flex e-con e-parent\" data-id=\"01c16cd\" data-element_type=\"container\" data-e-type=\"container\">\n\t\t<div class=\"elementor-element elementor-element-d3a27f6 e-con-full e-flex e-con e-child\" data-id=\"d3a27f6\" data-element_type=\"container\" data-e-type=\"container\">\n\t\t<div class=\"elementor-element elementor-element-24be3be e-con-full e-flex e-con e-child\" data-id=\"24be3be\" data-element_type=\"container\" data-e-type=\"container\">\n\t\t\t\t<div class=\"elementor-element elementor-element-971becc elementor-widget elementor-widget-heading\" data-id=\"971becc\" data-element_type=\"widget\" data-e-type=\"widget\" data-widget_type=\"heading.default\">\n\t\t\t\t<div class=\"elementor-widget-container\">\n\t\t\t\t\t<h2 class=\"elementor-heading-title elementor-size-default\">Il miglior servizio di assistenza per bar e ristoranti<\/h2>\t\t\t\t<\/div>\n\t\t\t\t<\/div>\n\t\t\t\t<div class=\"elementor-element elementor-element-0b2f177 elementor-widget elementor-widget-text-editor\" data-id=\"0b2f177\" data-element_type=\"widget\" data-e-type=\"widget\" data-widget_type=\"text-editor.default\">\n\t\t\t\t<div class=\"elementor-widget-container\">\n\t\t\t\t\t\t\t\t\t<p><span style=\"font-weight: 400;\">In un <\/span><b>settore<\/b><span style=\"font-weight: 400;\"> competitivo come quello del <\/span><b>caff\u00e8 professionale per il settore<\/b> <b>HoReCa<\/b><span style=\"font-weight: 400;\">, avere un fornitore che \u00e8 anche un <\/span><b>partner<\/b><span style=\"font-weight: 400;\"> fa la differenza.<\/span><\/p>\n<p><span style=\"font-weight: 400;\">La nostra <\/span><b>assistenza macchine da caff\u00e8 professionali<\/b><span style=\"font-weight: 400;\"> \u00e8 un pacchetto completo: dalla <\/span><b>riparazione macchine caff\u00e8<\/b><span style=\"font-weight: 400;\"> e <\/span><b>manutenzione ordinaria<\/b><span style=\"font-weight: 400;\">, alla formazione <\/span><b>tecnica<\/b><span style=\"font-weight: 400;\">, fino alla progettazione di <\/span><b>macchine professionali<\/b><span style=\"font-weight: 400;\"> uniche. Siamo il <\/span><b>punto di riferimento<\/b><span style=\"font-weight: 400;\"> per chi cerca non solo un&#8217;<\/span><b>attrezzatura<\/b><span style=\"font-weight: 400;\"> per <\/span><b>caffetteria<\/b><span style=\"font-weight: 400;\">, ma una soluzione totale. La nostra <\/span><b>assistenza<\/b><span style=\"font-weight: 400;\"> copre ogni aspetto del <\/span><b>mondo delle macchine<\/b><span style=\"font-weight: 400;\"> da caff\u00e8, assicurando che ogni <\/span><b>caff\u00e8 espresso<\/b><span style=\"font-weight: 400;\"> erogato sia sempre impeccabile.<\/span><\/p>\n<p><span style=\"font-weight: 400;\">Essere un <\/span><b>partner<\/b><span style=\"font-weight: 400;\"> strategico significa offrire un ecosistema di <\/span><b>servizi<\/b><span style=\"font-weight: 400;\"> integrati. Il nostro impegno non si limita a fornire una <\/span><b>macchina da caff\u00e8<\/b><span style=\"font-weight: 400;\"> di <\/span><b>alta qualit\u00e0<\/b><span style=\"font-weight: 400;\"> per il <\/span><b>settore<\/b> <b>HoReCa<\/b><span style=\"font-weight: 400;\">, ma a <\/span><b>garantire<\/b><span style=\"font-weight: 400;\"> che quella <\/span><b>macchina<\/b><span style=\"font-weight: 400;\"> operi sempre al massimo delle sue potenzialit\u00e0.<\/span><\/p>\n\t\t\t\t\t\t\t\t<\/div>\n\t\t\t\t<\/div>\n\t\t\t\t<\/div>\n\t\t\t\t<\/div>\n\t\t<div class=\"elementor-element elementor-element-3ca8b74 e-con-full e-flex e-con e-child\" data-id=\"3ca8b74\" data-element_type=\"container\" data-e-type=\"container\" data-settings=\"{&quot;background_background&quot;:&quot;classic&quot;}\">\n\t\t\t\t<\/div>\n\t\t\t\t<\/div>\n\t\t\t\t<\/div>\n\t\t","protected":false},"excerpt":{"rendered":"<p>Servizi per macchine da caff\u00e8 professionali: manutenzione tecnica e assistenza per ogni macchina e distributore Noi non costruiamo semplicemente macchine da caff\u00e8 professionali. Noi costruiamo relazioni durature. Il nostro obiettivo \u00e8 affiancare i nostri clienti nel tempo, garantendo la continuit\u00e0 del loro business e la lunga vita del loro investimento. Affidabilit\u00e0, competenza tecnica e passione [&hellip;]<\/p>\n","protected":false},"author":1,"featured_media":0,"parent":0,"menu_order":0,"comment_status":"closed","ping_status":"closed","template":"elementor_header_footer","meta":{"_acf_changed":false,"footnotes":""},"class_list":["post-1354","page","type-page","status-publish","hentry"],"acf":[],"_links":{"self":[{"href":"https:\/\/www.lanuovaera.com\/it\/wp-json\/wp\/v2\/pages\/1354","targetHints":{"allow":["GET"]}}],"collection":[{"href":"https:\/\/www.lanuovaera.com\/it\/wp-json\/wp\/v2\/pages"}],"about":[{"href":"https:\/\/www.lanuovaera.com\/it\/wp-json\/wp\/v2\/types\/page"}],"author":[{"embeddable":true,"href":"https:\/\/www.lanuovaera.com\/it\/wp-json\/wp\/v2\/users\/1"}],"replies":[{"embeddable":true,"href":"https:\/\/www.lanuovaera.com\/it\/wp-json\/wp\/v2\/comments?post=1354"}],"version-history":[{"count":1,"href":"https:\/\/www.lanuovaera.com\/it\/wp-json\/wp\/v2\/pages\/1354\/revisions"}],"predecessor-version":[{"id":1355,"href":"https:\/\/www.lanuovaera.com\/it\/wp-json\/wp\/v2\/pages\/1354\/revisions\/1355"}],"wp:attachment":[{"href":"https:\/\/www.lanuovaera.com\/it\/wp-json\/wp\/v2\/media?parent=1354"}],"curies":[{"name":"wp","href":"https:\/\/api.w.org\/{rel}","templated":true}]}}