{"id":1329,"date":"2025-09-08T11:15:05","date_gmt":"2025-09-08T09:15:05","guid":{"rendered":"https:\/\/www.lanuovaera.com\/chi-siamo\/"},"modified":"2026-03-30T10:08:19","modified_gmt":"2026-03-30T08:08:19","slug":"chi-siamo","status":"publish","type":"page","link":"https:\/\/www.lanuovaera.com\/it\/chi-siamo\/","title":{"rendered":"Chi siamo"},"content":{"rendered":"\t\t<div data-elementor-type=\"wp-page\" data-elementor-id=\"1329\" class=\"elementor elementor-1329 elementor-228\" data-elementor-post-type=\"page\">\n\t\t\t\t<div class=\"elementor-element elementor-element-16bde50 e-con-full e-flex e-con e-parent\" data-id=\"16bde50\" data-element_type=\"container\" data-e-type=\"container\">\n\t\t<div class=\"elementor-element elementor-element-952b3e0 e-con-full e-flex e-con e-child\" data-id=\"952b3e0\" data-element_type=\"container\" data-e-type=\"container\">\n\t\t\t\t<div class=\"elementor-element elementor-element-efc6594 elementor-widget elementor-widget-heading\" data-id=\"efc6594\" data-element_type=\"widget\" data-e-type=\"widget\" data-widget_type=\"heading.default\">\n\t\t\t\t<div class=\"elementor-widget-container\">\n\t\t\t\t\t<h1 class=\"elementor-heading-title elementor-size-default\">Produttori di macchine da caff\u00e8: la nostra azienda per la tua macchina da caff\u00e8 espresso e accessori<\/h1>\t\t\t\t<\/div>\n\t\t\t\t<\/div>\n\t\t\t\t<div class=\"elementor-element elementor-element-c7ed6f6 elementor-widget-divider--view-line elementor-widget elementor-widget-divider\" data-id=\"c7ed6f6\" data-element_type=\"widget\" data-e-type=\"widget\" data-widget_type=\"divider.default\">\n\t\t\t\t<div class=\"elementor-widget-container\">\n\t\t\t\t\t\t\t<div class=\"elementor-divider\">\n\t\t\t<span class=\"elementor-divider-separator\">\n\t\t\t\t\t\t<\/span>\n\t\t<\/div>\n\t\t\t\t\t\t<\/div>\n\t\t\t\t<\/div>\n\t\t\t\t<div class=\"elementor-element elementor-element-a990fa4 elementor-widget elementor-widget-text-editor\" data-id=\"a990fa4\" data-element_type=\"widget\" data-e-type=\"widget\" data-widget_type=\"text-editor.default\">\n\t\t\t\t<div class=\"elementor-widget-container\">\n\t\t\t\t\t\t\t\t\t<p><span style=\"font-weight: 400;\">Noi de La Nuova Era siamo un&#8217;<\/span>azienda<span style=\"font-weight: 400;\"> specializzata tra i <\/span><b>produttori di macchine da caff\u00e8<\/b><span style=\"font-weight: 400;\"> fin dal 1999. Fondata da Fabio Argentini, la nostra realt\u00e0 \u00e8 cresciuta negli anni fino a diventare un punto di riferimento nel mercato, grazie a una filosofia produttiva che mette al centro la <\/span><b>qualit\u00e0<\/b><span style=\"font-weight: 400;\"> e l&#8217;<\/span><b>innovazione<\/b><span style=\"font-weight: 400;\">. Il nostro marchio, orgogliosamente <\/span><b><i>Made in Italy<\/i><\/b><span style=\"font-weight: 400;\">, \u00e8 sinonimo di eccellenza nel mondo del <\/span>caff\u00e8 espresso<span style=\"font-weight: 400;\">.<\/span><\/p>\n<p><span style=\"font-weight: 400;\">Il contributo quotidiano di Fabio Argentini \u00e8 un valore inestimabile per la nostra <\/span>azienda. La sua vasta esperienza nel settore si unisce alla passione per i dettagli e a una spinta costante verso l&#8217;esplorazione di nuove soluzioni, sia tecniche che estetiche. \u00c8 questa visione che ci permette di distinguerci in un mercato affollato di prodotti.<\/p>\n<p><span style=\"font-weight: 400;\">Supportati da <strong>partner <\/strong><\/span>italiani<span style=\"font-weight: 400;\"> di fiducia, ci dedichiamo a progettare e produrre <\/span>macchine per caff\u00e8 espresso<span style=\"font-weight: 400;\"> e <\/span>macchine da caff\u00e8 espresso<span style=\"font-weight: 400;\"> che non solo rispondono, ma anticipano le esigenze e le richieste uniche dei nostri clienti. Crediamo che una <\/span>macchina<span style=\"font-weight: 400;\"> per <\/span>caff\u00e8<span style=\"font-weight: 400;\"> debba essere pi\u00f9 di un semplice strumento: deve essere un partner affidabile per il <\/span><strong>bar e per ogni attivit\u00e0 professionale.<\/strong><\/p>\n\t\t\t\t\t\t\t\t<\/div>\n\t\t\t\t<\/div>\n\t\t\t\t<div class=\"elementor-element elementor-element-c6037bd elementor-widget elementor-widget-video\" data-id=\"c6037bd\" data-element_type=\"widget\" data-e-type=\"widget\" data-settings=\"{&quot;youtube_url&quot;:&quot;https:\\\/\\\/youtu.be\\\/NhmYlgbU5G0&quot;,&quot;autoplay&quot;:&quot;yes&quot;,&quot;play_on_mobile&quot;:&quot;yes&quot;,&quot;mute&quot;:&quot;yes&quot;,&quot;yt_privacy&quot;:&quot;yes&quot;,&quot;lazy_load&quot;:&quot;yes&quot;,&quot;video_type&quot;:&quot;youtube&quot;,&quot;controls&quot;:&quot;yes&quot;}\" data-widget_type=\"video.default\">\n\t\t\t\t<div class=\"elementor-widget-container\">\n\t\t\t\t\t\t\t<div class=\"elementor-wrapper elementor-open-inline\">\n\t\t\t<div class=\"elementor-video\"><\/div>\t\t<\/div>\n\t\t\t\t\t\t<\/div>\n\t\t\t\t<\/div>\n\t\t\t\t<\/div>\n\t\t<div class=\"elementor-element elementor-element-f001a85 e-con-full lne-image-collapse-sec elementor-hidden-tablet elementor-hidden-mobile e-flex e-con e-child\" data-id=\"f001a85\" data-element_type=\"container\" data-e-type=\"container\" data-settings=\"{&quot;background_background&quot;:&quot;classic&quot;}\">\n\t\t\t\t<div class=\"elementor-element elementor-element-d939b14 lne-menu-bg-img elementor-widget elementor-widget-image\" data-id=\"d939b14\" data-element_type=\"widget\" data-e-type=\"widget\" data-widget_type=\"image.default\">\n\t\t\t\t<div class=\"elementor-widget-container\">\n\t\t\t\t\t\t\t\t\t\t\t\t\t\t\t<img fetchpriority=\"high\" decoding=\"async\" width=\"1440\" height=\"1920\" src=\"https:\/\/www.lanuovaera.com\/wp-content\/uploads\/2025\/09\/Anniversario-3-groups-3-1.webp\" class=\"attachment-full size-full wp-image-1238\" alt=\"Professional coffee solutions Anniversario 3 groups | La Nuova Era\" srcset=\"https:\/\/www.lanuovaera.com\/wp-content\/uploads\/2025\/09\/Anniversario-3-groups-3-1.webp 1440w, https:\/\/www.lanuovaera.com\/wp-content\/uploads\/2025\/09\/Anniversario-3-groups-3-1-225x300.webp 225w, https:\/\/www.lanuovaera.com\/wp-content\/uploads\/2025\/09\/Anniversario-3-groups-3-1-768x1024.webp 768w, https:\/\/www.lanuovaera.com\/wp-content\/uploads\/2025\/09\/Anniversario-3-groups-3-1-1152x1536.webp 1152w\" sizes=\"(max-width: 1440px) 100vw, 1440px\" \/>\t\t\t\t\t\t\t\t\t\t\t\t\t\t\t<\/div>\n\t\t\t\t<\/div>\n\t\t\t\t<\/div>\n\t\t\t\t<\/div>\n\t\t<div class=\"elementor-element elementor-element-3b05f3b e-con-full lne-pattern-sec e-flex e-con e-parent\" data-id=\"3b05f3b\" data-element_type=\"container\" data-e-type=\"container\" data-settings=\"{&quot;background_background&quot;:&quot;classic&quot;}\">\n\t\t<div class=\"elementor-element elementor-element-6516ab3 e-con-full e-flex e-con e-child\" data-id=\"6516ab3\" data-element_type=\"container\" data-e-type=\"container\">\n\t\t\t\t<div class=\"elementor-element elementor-element-a41955f elementor-widget elementor-widget-heading\" data-id=\"a41955f\" data-element_type=\"widget\" data-e-type=\"widget\" data-widget_type=\"heading.default\">\n\t\t\t\t<div class=\"elementor-widget-container\">\n\t\t\t\t\t<h2 class=\"elementor-heading-title elementor-size-default\">La nostra forza come produttori di macchine da caff\u00e8: la personalizzazione<\/h2>\t\t\t\t<\/div>\n\t\t\t\t<\/div>\n\t\t\t\t<div class=\"elementor-element elementor-element-7526156 elementor-widget elementor-widget-text-editor\" data-id=\"7526156\" data-element_type=\"widget\" data-e-type=\"widget\" data-widget_type=\"text-editor.default\">\n\t\t\t\t<div class=\"elementor-widget-container\">\n\t\t\t\t\t\t\t\t\t<p><span style=\"font-weight: 400;\">Il <\/span><span style=\"font-weight: 400;\">pilastro della nostra filosofia \u00e8 unire tradizione e innovazione per progettare macchine che rispondano alle esigenze uniche dei clienti. La personalizzazione \u00e8 la nostra vera forza tra i <\/span>produttori di macchine da caff\u00e8<span style=\"font-weight: 400;\">, permettendoci di andare oltre i prodotti standardizzati. Lavoriamo a stretto contatto con i partner per creare soluzioni su misura, con modifiche tecniche ed estetiche che esaltino al meglio la specifica miscela utilizzata. Questo rende le nostre attrezzature non semplici strumenti, ma soluzioni personali che definiscono l&#8217;identit\u00e0 del tuo <strong>business<\/strong><\/span><\/p>\n\t\t\t\t\t\t\t\t<\/div>\n\t\t\t\t<\/div>\n\t\t\t\t<\/div>\n\t\t\t\t<\/div>\n\t\t<div class=\"elementor-element elementor-element-614dc38 e-con-full e-flex e-con e-parent\" data-id=\"614dc38\" data-element_type=\"container\" data-e-type=\"container\">\n\t\t<div class=\"elementor-element elementor-element-4f3406e e-con-full e-flex e-con e-child\" data-id=\"4f3406e\" data-element_type=\"container\" data-e-type=\"container\" data-settings=\"{&quot;background_background&quot;:&quot;classic&quot;}\">\n\t\t\t\t<\/div>\n\t\t<div class=\"elementor-element elementor-element-2e426c0 e-con-full e-flex e-con e-child\" data-id=\"2e426c0\" data-element_type=\"container\" data-e-type=\"container\">\n\t\t<div class=\"elementor-element elementor-element-68c7be1 e-con-full e-flex e-con e-child\" data-id=\"68c7be1\" data-element_type=\"container\" data-e-type=\"container\">\n\t\t\t\t<div class=\"elementor-element elementor-element-78e60e7 elementor-widget elementor-widget-heading\" data-id=\"78e60e7\" data-element_type=\"widget\" data-e-type=\"widget\" data-widget_type=\"heading.default\">\n\t\t\t\t<div class=\"elementor-widget-container\">\n\t\t\t\t\t<h2 class=\"elementor-heading-title elementor-size-default\">Un marchio italiano nel mondo: la nostra presenza globale<\/h2>\t\t\t\t<\/div>\n\t\t\t\t<\/div>\n\t\t\t\t<div class=\"elementor-element elementor-element-565c3a8 elementor-widget elementor-widget-text-editor\" data-id=\"565c3a8\" data-element_type=\"widget\" data-e-type=\"widget\" data-widget_type=\"text-editor.default\">\n\t\t\t\t<div class=\"elementor-widget-container\">\n\t\t\t\t\t\t\t\t\t<p><span style=\"font-weight: 400;\">La <\/span>qualit\u00e0<span style=\"font-weight: 400;\"> dei nostri <\/span>prodotti<span style=\"font-weight: 400;\"> e la nostra filosofia aziendale ci hanno permesso di valicare i confini nazionali. Oggi, La Nuova Era \u00e8 presente in oltre 40 paesi nel mondo. Siamo orgogliosi di ottenere ogni anno nuovi riconoscimenti a livello internazionale, che testimoniano la validit\u00e0 del nostro approccio e la <\/span>qualit\u00e0<span style=\"font-weight: 400;\"> superiore delle nostre <\/span>macchine da caff\u00e8<span style=\"font-weight: 400;\">.<\/span><\/p>\n<p><span style=\"font-weight: 400;\">Questa presenza globale non \u00e8 un punto di arrivo, ma un motore che ci motiva a migliorare continuamente, a puntare all&#8217;eccellenza e all&#8217;innovazione in tutto ci\u00f2 che facciamo. Essere riconosciuti come uno dei <\/span>migliori<span style=\"font-weight: 400;\"> esponenti della manifattura <\/span>italiana<span style=\"font-weight: 400;\"> nel <\/span>settore<span style=\"font-weight: 400;\"> del <\/span><i>coffee<\/i><span style=\"font-weight: 400;\"> \u00e8 una responsabilit\u00e0 che prendiamo molto seriamente.<\/span><\/p>\n<p><span style=\"font-weight: 400;\">Ci interfacciamo con diverse culture e modi di intendere il <\/span>caff\u00e8<span style=\"font-weight: 400;\">, dall&#8217;<\/span>espresso tradizione italiana<span style=\"font-weight: 400;\"> a preparazioni diverse. Questa esperienza arricchisce la nostra <\/span>azienda<span style=\"font-weight: 400;\"> e ci permette di creare <\/span>macchine caff\u00e8<span style=\"font-weight: 400;\"> sempre pi\u00f9 versatili e performanti, adatte a ogni <\/span>bar<span style=\"font-weight: 400;\"> e <\/span>caffetteria<span style=\"font-weight: 400;\"> nel mondo.<\/span><\/p>\n\t\t\t\t\t\t\t\t<\/div>\n\t\t\t\t<\/div>\n\t\t\t\t<\/div>\n\t\t\t\t<\/div>\n\t\t\t\t<\/div>\n\t\t<div class=\"elementor-element elementor-element-d8e39ac e-con-full e-flex e-con e-parent\" data-id=\"d8e39ac\" data-element_type=\"container\" data-e-type=\"container\" data-settings=\"{&quot;background_background&quot;:&quot;classic&quot;}\">\n\t\t<div class=\"elementor-element elementor-element-af9d9ab e-con-full e-flex e-con e-child\" data-id=\"af9d9ab\" data-element_type=\"container\" data-e-type=\"container\">\n\t\t\t\t<div class=\"elementor-element elementor-element-dd1cdf5 elementor-widget elementor-widget-heading\" data-id=\"dd1cdf5\" data-element_type=\"widget\" data-e-type=\"widget\" data-widget_type=\"heading.default\">\n\t\t\t\t<div class=\"elementor-widget-container\">\n\t\t\t\t\t<h2 class=\"elementor-heading-title elementor-size-default\">L'evoluzione del brand: il rebranding del 2024<\/h2>\t\t\t\t<\/div>\n\t\t\t\t<\/div>\n\t\t\t\t<div class=\"elementor-element elementor-element-4c06c27 elementor-widget elementor-widget-text-editor\" data-id=\"4c06c27\" data-element_type=\"widget\" data-e-type=\"widget\" data-widget_type=\"text-editor.default\">\n\t\t\t\t<div class=\"elementor-widget-container\">\n\t\t\t\t\t\t\t\t\t<p><span style=\"font-weight: 400;\">Il 2024 ha segnato per la nostra <\/span>azienda<span style=\"font-weight: 400;\"> l&#8217;inizio di un importante percorso di <\/span><i><span style=\"font-weight: 400;\">rebranding<\/span><\/i><span style=\"font-weight: 400;\">, un passo necessario per allineare la nostra immagine ai nostri valori e alla nostra visione per il futuro. Abbiamo iniziato questo viaggio partendo dal nostro logo.<\/span><\/p>\n<p><span style=\"font-weight: 400;\">Il pianeta Saturno, che ci ha accompagnato per anni, \u00e8 stato sostituito dalla <strong>lettera &#8220;N&#8221;<\/strong>, un simbolo che cattura l&#8217;essenza stessa del marchio La Nuova Era. Questo cambiamento non \u00e8 solo estetico, ma <\/span><b>strategico<\/b><span style=\"font-weight: 400;\">, e riflette la nostra evoluzione come <\/span><b>produttori di macchine da caff\u00e8<\/b><span style=\"font-weight: 400;\">.<\/span><\/p>\n\t\t\t\t\t\t\t\t<\/div>\n\t\t\t\t<\/div>\n\t\t\t\t<div class=\"elementor-element elementor-element-b6d75ef elementor-widget elementor-widget-heading\" data-id=\"b6d75ef\" data-element_type=\"widget\" data-e-type=\"widget\" data-widget_type=\"heading.default\">\n\t\t\t\t<div class=\"elementor-widget-container\">\n\t\t\t\t\t<h3 class=\"elementor-heading-title elementor-size-default\">Il significato del nuovo logo: stabilit\u00e0, caff\u00e8 ed eleganza<\/h3>\t\t\t\t<\/div>\n\t\t\t\t<\/div>\n\t\t\t\t<div class=\"elementor-element elementor-element-f95f7ea elementor-widget elementor-widget-text-editor\" data-id=\"f95f7ea\" data-element_type=\"widget\" data-e-type=\"widget\" data-widget_type=\"text-editor.default\">\n\t\t\t\t<div class=\"elementor-widget-container\">\n\t\t\t\t\t\t\t\t\t<p><span style=\"font-weight: 400;\">Il nuovo logo \u00e8 stato studiato in ogni dettaglio per raccontare chi siamo. La sua forma quadrata richiama immediatamente le linee delle nostre <\/span>macchine da caff\u00e8<span style=\"font-weight: 400;\">, trasmettendo i <\/span>valori fondamentali<span style=\"font-weight: 400;\"> dei nostri <\/span>prodotti<span style=\"font-weight: 400;\">: <strong>affidabilit\u00e0<\/strong>, <strong>durabilit\u00e0<\/strong> ed <strong>eleganza<\/strong> senza tempo.<\/span><\/p>\n<p><span style=\"font-weight: 400;\">Sono queste le <\/span><b>caratteristiche<\/b><span style=\"font-weight: 400;\"> e le <\/span><b>qualit\u00e0<\/b><span style=\"font-weight: 400;\"> che i nostri clienti, siano essi una piccola <\/span>SAS<span style=\"font-weight: 400;\"> o un <\/span>grande gruppo<span style=\"font-weight: 400;\"> internazionale, riconoscono in noi da <strong>oltre 25 anni<\/strong>: la <\/span>macchina<span style=\"font-weight: 400;\"> La Nuova Era \u00e8 una garanzia.<\/span><\/p>\n<p><span style=\"font-weight: 400;\">Il piede destro staccato del logo \u00e8 un dettaglio simbolico di <\/span>grande impatto: rappresenta la goccia di caff\u00e8 che scorre dall&#8217;erogatore e cade nella tazzina. \u00c8 un omaggio al cuore pulsante della nostra attivit\u00e0: il caff\u00e8 espresso perfetto, l&#8217;obiettivo finale di ogni nostra macchina<span style=\"font-weight: 400;\">.<\/span><\/p>\n<p><span style=\"font-weight: 400;\">Infine, il colore lilla. Questa tonalit\u00e0, la nostra firma distintiva, \u00e8 stata scelta per rappresentare l&#8217;eleganza ed \u00e8 oggi parte integrante della nostra identit\u00e0.<\/span><\/p>\n\t\t\t\t\t\t\t\t<\/div>\n\t\t\t\t<\/div>\n\t\t\t\t<div class=\"elementor-element elementor-element-f36daee elementor-widget elementor-widget-heading\" data-id=\"f36daee\" data-element_type=\"widget\" data-e-type=\"widget\" data-widget_type=\"heading.default\">\n\t\t\t\t<div class=\"elementor-widget-container\">\n\t\t\t\t\t<h3 class=\"elementor-heading-title elementor-size-default\">Sistema di qualit\u00e0 certificato ISO 9001<\/h3>\t\t\t\t<\/div>\n\t\t\t\t<\/div>\n\t\t\t\t<div class=\"elementor-element elementor-element-208d3f8 elementor-widget elementor-widget-text-editor\" data-id=\"208d3f8\" data-element_type=\"widget\" data-e-type=\"widget\" data-widget_type=\"text-editor.default\">\n\t\t\t\t<div class=\"elementor-widget-container\">\n\t\t\t\t\t\t\t\t\t<p>La certificazione ISO 9001 attesta l\u2019adozione di un sistema di gestione della qualit\u00e0 strutturato, orientato al miglioramento continuo, al controllo dei processi e alla massima affidabilit\u00e0 del prodotto finale.<\/p>\n\t\t\t\t\t\t\t\t<\/div>\n\t\t\t\t<\/div>\n\t\t\t\t<div class=\"elementor-element elementor-element-b69eec3 elementor-widget elementor-widget-image\" data-id=\"b69eec3\" data-element_type=\"widget\" data-e-type=\"widget\" data-widget_type=\"image.default\">\n\t\t\t\t<div class=\"elementor-widget-container\">\n\t\t\t\t\t\t\t\t\t\t\t\t\t\t\t<img decoding=\"async\" width=\"728\" height=\"313\" src=\"https:\/\/www.lanuovaera.com\/wp-content\/uploads\/2026\/03\/erasebg-transformed-1.png\" class=\"attachment-large size-large wp-image-1743\" alt=\"\" srcset=\"https:\/\/www.lanuovaera.com\/wp-content\/uploads\/2026\/03\/erasebg-transformed-1.png 728w, https:\/\/www.lanuovaera.com\/wp-content\/uploads\/2026\/03\/erasebg-transformed-1-300x129.png 300w, https:\/\/www.lanuovaera.com\/wp-content\/uploads\/2026\/03\/erasebg-transformed-1-600x258.png 600w\" sizes=\"(max-width: 728px) 100vw, 728px\" \/>\t\t\t\t\t\t\t\t\t\t\t\t\t\t\t<\/div>\n\t\t\t\t<\/div>\n\t\t\t\t<\/div>\n\t\t\t\t<\/div>\n\t\t<div class=\"elementor-element elementor-element-20fe0f2 e-con-full e-flex e-con e-parent\" data-id=\"20fe0f2\" data-element_type=\"container\" data-e-type=\"container\">\n\t\t<div class=\"elementor-element elementor-element-075176a e-con-full e-flex e-con e-child\" data-id=\"075176a\" data-element_type=\"container\" data-e-type=\"container\">\n\t\t<div class=\"elementor-element elementor-element-e7117b2 e-con-full e-flex e-con e-child\" data-id=\"e7117b2\" data-element_type=\"container\" data-e-type=\"container\">\n\t\t\t\t<div class=\"elementor-element elementor-element-ba6f10b elementor-widget elementor-widget-heading\" data-id=\"ba6f10b\" data-element_type=\"widget\" data-e-type=\"widget\" data-widget_type=\"heading.default\">\n\t\t\t\t<div class=\"elementor-widget-container\">\n\t\t\t\t\t<h2 class=\"elementor-heading-title elementor-size-default\">Un fornitore completo: dalla macchina al macinacaff\u00e8<\/h2>\t\t\t\t<\/div>\n\t\t\t\t<\/div>\n\t\t\t\t<div class=\"elementor-element elementor-element-e0e7297 elementor-widget elementor-widget-text-editor\" data-id=\"e0e7297\" data-element_type=\"widget\" data-e-type=\"widget\" data-widget_type=\"text-editor.default\">\n\t\t\t\t<div class=\"elementor-widget-container\">\n\t\t\t\t\t\t\t\t\t<p><span style=\"font-weight: 400;\">Scegliere La Nuova Era non significa solo acquistare un prodotto, ma scegliere un <\/span><b>partner<\/b><span style=\"font-weight: 400;\">. Come produttori di macchine da caff\u00e8, sappiamo che il nostro vero valore aggiunto sta nell&#8217;offrire un&#8217;esperienza completa: per questo affianchiamo alle nostre macchine il macinacaff\u00e8 ideale. \u00c8 qui che l&#8217;innovazione tecnologica incontra la necessit\u00e0 di una macinatura perfetta. Offriamo <\/span><b>soluzioni combinate<\/b><span style=\"font-weight: 400;\"> perch\u00e9 sappiamo che per gli amanti del buon caff\u00e8, la qualit\u00e0 parte dal chicco macinato al momento.<\/span><\/p>\n\t\t\t\t\t\t\t\t<\/div>\n\t\t\t\t<\/div>\n\t\t\t\t<\/div>\n\t\t\t\t<\/div>\n\t\t<div class=\"elementor-element elementor-element-716b943 e-con-full e-flex e-con e-child\" data-id=\"716b943\" data-element_type=\"container\" data-e-type=\"container\" data-settings=\"{&quot;background_background&quot;:&quot;classic&quot;}\">\n\t\t\t\t<\/div>\n\t\t\t\t<\/div>\n\t\t<div class=\"elementor-element elementor-element-f08c446 e-con-full lne-pattern-sec e-flex e-con e-parent\" data-id=\"f08c446\" data-element_type=\"container\" data-e-type=\"container\" data-settings=\"{&quot;background_background&quot;:&quot;classic&quot;}\">\n\t\t<div class=\"elementor-element elementor-element-3e99e21 e-con-full e-flex e-con e-child\" data-id=\"3e99e21\" data-element_type=\"container\" data-e-type=\"container\">\n\t\t\t\t<div class=\"elementor-element elementor-element-c45c621 elementor-widget elementor-widget-heading\" data-id=\"c45c621\" data-element_type=\"widget\" data-e-type=\"widget\" data-widget_type=\"heading.default\">\n\t\t\t\t<div class=\"elementor-widget-container\">\n\t\t\t\t\t<h2 class=\"elementor-heading-title elementor-size-default\">Eccellenza nella fornitura, dall'hotel all'ufficio<\/h2>\t\t\t\t<\/div>\n\t\t\t\t<\/div>\n\t\t\t\t<div class=\"elementor-element elementor-element-3bbecd8 elementor-widget elementor-widget-text-editor\" data-id=\"3bbecd8\" data-element_type=\"widget\" data-e-type=\"widget\" data-widget_type=\"text-editor.default\">\n\t\t\t\t<div class=\"elementor-widget-container\">\n\t\t\t\t\t\t\t\t\t<p><span style=\"font-weight: 400;\">Ci distinguiamo per la capacit\u00e0 di <\/span><b>ascoltare il mercato e i nostri clienti<\/b><span style=\"font-weight: 400;\">. Che si tratti di fornire un <\/span><b>hotel<\/b><span style=\"font-weight: 400;\">, un <\/span><b>ufficio<\/b><span style=\"font-weight: 400;\"> o una <\/span><b>caffetteria<\/b><span style=\"font-weight: 400;\">, offriamo il supporto di un&#8217;azienda solida con esperienza venticinquennale. Ogni nostra macchina \u00e8 pensata per i professionisti che cercano solo il meglio per la loro attivit\u00e0. La nostra missione \u00e8 confermarci come un&#8217;eccellenza tra i produttori di macchine da caff\u00e8 a livello globale, portando affidabilit\u00e0 ed eleganza in ogni contesto lavorativo.<\/span><\/p>\n\t\t\t\t\t\t\t\t<\/div>\n\t\t\t\t<\/div>\n\t\t\t\t<\/div>\n\t\t\t\t<\/div>\n\t\t\t\t<\/div>\n\t\t","protected":false},"excerpt":{"rendered":"<p>Produttori di macchine da caff\u00e8: la nostra azienda per la tua macchina da caff\u00e8 espresso e accessori Noi de La Nuova Era siamo un&#8217;azienda specializzata tra i produttori di macchine da caff\u00e8 fin dal 1999. Fondata da Fabio Argentini, la nostra realt\u00e0 \u00e8 cresciuta negli anni fino a diventare un punto di riferimento nel mercato, [&hellip;]<\/p>\n","protected":false},"author":1,"featured_media":0,"parent":0,"menu_order":0,"comment_status":"closed","ping_status":"closed","template":"elementor_header_footer","meta":{"_acf_changed":false,"footnotes":""},"class_list":["post-1329","page","type-page","status-publish","hentry"],"acf":[],"_links":{"self":[{"href":"https:\/\/www.lanuovaera.com\/it\/wp-json\/wp\/v2\/pages\/1329","targetHints":{"allow":["GET"]}}],"collection":[{"href":"https:\/\/www.lanuovaera.com\/it\/wp-json\/wp\/v2\/pages"}],"about":[{"href":"https:\/\/www.lanuovaera.com\/it\/wp-json\/wp\/v2\/types\/page"}],"author":[{"embeddable":true,"href":"https:\/\/www.lanuovaera.com\/it\/wp-json\/wp\/v2\/users\/1"}],"replies":[{"embeddable":true,"href":"https:\/\/www.lanuovaera.com\/it\/wp-json\/wp\/v2\/comments?post=1329"}],"version-history":[{"count":10,"href":"https:\/\/www.lanuovaera.com\/it\/wp-json\/wp\/v2\/pages\/1329\/revisions"}],"predecessor-version":[{"id":1746,"href":"https:\/\/www.lanuovaera.com\/it\/wp-json\/wp\/v2\/pages\/1329\/revisions\/1746"}],"wp:attachment":[{"href":"https:\/\/www.lanuovaera.com\/it\/wp-json\/wp\/v2\/media?parent=1329"}],"curies":[{"name":"wp","href":"https:\/\/api.w.org\/{rel}","templated":true}]}}